{"id":201,"date":"2021-09-10T22:38:51","date_gmt":"2021-09-10T22:38:51","guid":{"rendered":"https:\/\/miamibeachpaddleboard.com\/es\/?page_id=201"},"modified":"2021-09-10T22:39:12","modified_gmt":"2021-09-10T22:39:12","slug":"terminos-de-uso-y-politica-de-privacidad","status":"publish","type":"page","link":"https:\/\/miamibeachpaddleboard.com\/es\/terminos-de-uso-y-politica-de-privacidad\/","title":{"rendered":"T\u00e9rminos de uso y pol\u00edtica de privacidad"},"content":{"rendered":"<p>[et_pb_section fb_built=\u00bb1&#8243; custom_padding_last_edited=\u00bboff|desktop\u00bb disabled_on=\u00bboff|off|off\u00bb admin_label=\u00bbPage Title\u00bb _builder_version=\u00bb4.6.1&#8243; background_color=\u00bbrgba(1,65,107,0.05)\u00bb background_enable_image=\u00bboff\u00bb parallax=\u00bbon\u00bb height=\u00bb100vh\u00bb height_tablet=\u00bb400px\u00bb height_last_edited=\u00bboff|phone\u00bb max_height=\u00bb725px\u00bb max_height_tablet=\u00bb760px\u00bb max_height_phone=\u00bb360px\u00bb max_height_last_edited=\u00bbon|phone\u00bb bottom_divider_height=\u00bb20%\u00bb bottom_divider_flip=\u00bbhorizontal\u00bb background_last_edited=\u00bboff|phone\u00bb custom_css_main_element=\u00bbdisplay: flex;||justify-content: center;||align-items: center;||\u00bb saved_tabs=\u00bball\u00bb locked=\u00bbon\u00bb collapsed=\u00bbon\u00bb][et_pb_row admin_label=\u00bbRow &#8211; Content\u00bb _builder_version=\u00bb4.6.1&#8243; width=\u00bb90%\u00bb custom_padding=\u00bb30px||30px||true|false\u00bb][et_pb_column type=\u00bb4_4&#8243; _builder_version=\u00bb4.2&#8243;][et_pb_post_title meta=\u00bboff\u00bb featured_image=\u00bboff\u00bb _builder_version=\u00bb4.6.1&#8243; title_font=\u00bb||||||||\u00bb title_text_align=\u00bbcenter\u00bb title_text_color=\u00bb#000000&#8243; title_letter_spacing=\u00bb-1px\u00bb custom_margin=\u00bb||1em||false|false\u00bb custom_margin_tablet=\u00bb\u00bb custom_margin_phone=\u00bb3em||0px||false|false\u00bb custom_margin_last_edited=\u00bbon|phone\u00bb custom_padding=\u00bb0px||0px||true|false\u00bb title_font_size_tablet=\u00bb\u00bb title_font_size_phone=\u00bb38px\u00bb title_font_size_last_edited=\u00bbon|phone\u00bb custom_css_post_title=\u00bbfont-weight: 500;\u00bb][\/et_pb_post_title][et_pb_text admin_label=\u00bbDescription of the page\u00bb _builder_version=\u00bb4.9.1&#8243; text_font=\u00bb||||||||\u00bb text_font_size=\u00bb20px\u00bb text_line_height=\u00bb1.8em\u00bb text_orientation=\u00bbcenter\u00bb width_last_edited=\u00bboff|desktop\u00bb max_width=\u00bb36%\u00bb max_width_tablet=\u00bb90%\u00bb max_width_phone=\u00bb90%\u00bb max_width_last_edited=\u00bbon|phone\u00bb module_alignment=\u00bbcenter\u00bb hover_enabled=\u00bb0&#8243; text_font_size_tablet=\u00bb\u00bb text_font_size_phone=\u00bb18px\u00bb text_font_size_last_edited=\u00bbon|phone\u00bb text_line_height_tablet=\u00bb\u00bb text_line_height_phone=\u00bb1.6em\u00bb text_line_height_last_edited=\u00bbon|phone\u00bb locked=\u00bboff\u00bb sticky_enabled=\u00bb0&#8243;]<\/p>\n<p><span>Estos t\u00e9rminos y condiciones se actualizaron por \u00faltima vez el Viernes 10 de Septiembre del 2021<\/span><\/p>\n<p>[\/et_pb_text][\/et_pb_column][\/et_pb_row][\/et_pb_section][et_pb_section fb_built=\u00bb1&#8243; custom_padding_last_edited=\u00bbon|phone\u00bb _builder_version=\u00bb4.6.1&#8243; custom_padding=\u00bb||||false|false\u00bb custom_padding_tablet=\u00bb||||false|false\u00bb custom_padding_phone=\u00bb||||true|false\u00bb locked=\u00bbon\u00bb collapsed=\u00bbon\u00bb][et_pb_row custom_padding_last_edited=\u00bbon|phone\u00bb _builder_version=\u00bb4.6.1&#8243; _module_preset=\u00bbdefault\u00bb width=\u00bb90%\u00bb width_tablet=\u00bb90%\u00bb width_phone=\u00bb91.5%\u00bb width_last_edited=\u00bbon|phone\u00bb max_width=\u00bb880px\u00bb max_width_tablet=\u00bb90%\u00bb max_width_last_edited=\u00bboff|phone\u00bb custom_padding=\u00bb0px||0px||true|false\u00bb custom_padding_tablet=\u00bb\u00bb custom_padding_phone=\u00bb0px||0px||true|false\u00bb][et_pb_column type=\u00bb4_4&#8243; _builder_version=\u00bb4.5.7&#8243; _module_preset=\u00bbdefault\u00bb][et_pb_text _builder_version=\u00bb4.9.1&#8243; _module_preset=\u00bbdefault\u00bb hover_enabled=\u00bb0&#8243; sticky_enabled=\u00bb0&#8243;]<\/p>\n<p>Esta p\u00e1gina web es propiedad y est\u00e1 operado por Miami Beach Paddleboard. Estos T\u00e9rminos establecen los t\u00e9rminos y condiciones bajo los cuales tu puedes usar nuestra p\u00e1gina web y servicios ofrecidos por nosotros. Esta p\u00e1gina web ofrece a los visitantes servicios de deportes. Al acceder o usar la p\u00e1gina web de nuestro servicio, usted aprueba que haya le\u00eddo, entendido y aceptado estar sujeto a estos T\u00e9rminos:<\/p>\n<p>&#8211; Para usar nuestro p\u00e1gina web y \/ o recibir nuestros servicios, debes tener al menos 18 a\u00f1os de edad, o la mayor\u00eda de edad legal en tu jurisdicci\u00f3n, y poseer la autoridad legal, el derecho y la libertad para participar en estos T\u00e9rminos como un acuerdo vinculante. No tienes permitido utilizar esta p\u00e1gina web y \/ o recibir servicios si hacerlo est\u00e1 prohibido en tu pa\u00eds o en virtud de cualquier ley o regulaci\u00f3n aplicable a tu caso.<\/p>\n<p>&#8211; Al comprar un art\u00edculo o servicio, aceptas que: (i) eres responsable de leer el listado completo del art\u00edculo o servicio antes de comprometerte a comprarlo: (ii) celebras un contrato legalmente vinculante para comprar un art\u00edculo o servicio cuando te comprometes a comprarlo y completar el proceso de check-out.<br \/>Los precios que cobramos por usar nuestros servicios o para nuestros productos se enumeran en la p\u00e1gina web. Nos reservamos el derecho de cambiar nuestros precios para los productos que se muestran en cualquier momento y de corregir los errores de precios que pueden ocurrir inadvertidamente. Informaci\u00f3n adicional sobre precios e impuestos sobre las ventas est\u00e1 disponible en la p\u00e1gina de pagos. <br \/>\u00abLa tarifa por los servicios y cualquier otro cargo que pueda incurrir en relaci\u00f3n con tu uso del servicio, como los impuestos y las posibles tarifas de transacci\u00f3n, se cobrar\u00e1n mensualmente a tu m\u00e9todo de pago.<\/p>\n<p>&#8211; Para cualquier producto da\u00f1ado, simplemente devu\u00e9lvelo con los accesorios y el paquete incluidos junto con el recibo original (o recibo de regalo) dentro de los 14 d\u00edas posteriores a la fecha que recibiste el producto, y lo cambiaremos o te ofreceremos un reembolso basado en el m\u00e9todo de pago original . Para cualquier servicio no brindado por condiciones de clima o fuerza mayor, simplemente solicita la devoluci\u00f3n. Adem\u00e1s, ten en cuenta lo siguiente: (i) Los productos solo se pueden devolver en el pa\u00eds en el que se compraron originalmente; y (ii) si no cumples con el horario previsto para el servicio no es causal elegible para la devoluci\u00f3n.<\/p>\n<p>&#8211; Podemos, sin aviso previo, cambiar los servicios y productos; dejar de proporcionar los servicios y productos o cualquier caracter\u00edstica de los servicios y productos que ofrecemos; o crear l\u00edmites para los servicios y productos. Podemos suspender de manera permanente o temporal el acceso a los servicios y productos sin previo aviso ni responsabilidad por cualquier motivo, o sin ning\u00fan motivo.<\/p>\n<p>&#8211; Cuando recibimos un reclamo de garant\u00eda v\u00e1lido de un producto que vendemos, repararemos el defecto relevante o reemplazaremos el producto. Si no podemos reparar o reemplazar el producto dentro de un tiempo razonable, el cliente tendr\u00e1 derecho a un reembolso total cuando nos devuelva el producto. Pagaremos el env\u00edo de los productos reparados o reemplazados al cliente y el cliente ser\u00e1 responsable de devolvernos el producto.<\/p>\n<p>&#8211; El Servicio y todos los materiales incluidos o transferidos, incluyendo, sin limitaci\u00f3n, software, im\u00e1genes, texto, gr\u00e1ficos, logotipos, patentes, marcas registradas, marcas de servicio, derechos de autor, fotograf\u00edas, audio, videos, m\u00fasica y todos los Derechos de Propiedad Intelectual relacionados con ellos, son la propiedad exclusiva de Miami Beach Paddleboard. Salvo que se indique expl\u00edcitamente en este documento, no se considerar\u00e1 que nada en estos T\u00e9rminos crea una licencia en o bajo ninguno de dichos Derechos de Propiedad Intelectual, y tu aceptas no vender, licenciar, alquilar, modificar, distribuir, copiar, reproducir, transmitir, exhibir p\u00fablicamente, realizar p\u00fablicamente, publicar, adaptar, editar o crear trabajos derivados de los mismos.<\/p>\n<p>&#8211; Podemos terminar o suspender de manera permanente o temporal tu acceso al servicio sin previo aviso y responsabilidad por cualquier raz\u00f3n, incluso si a nuestra sola determinaci\u00f3n tu violas alguna disposici\u00f3n de estos T\u00e9rminos o cualquier ley o regulaci\u00f3n aplicable. Puedes descontinuar el uso y solicitar cancelar tu cuenta y \/ o cualquier servicio en cualquier momento. Sin perjuicio de lo contrario en lo que antecede, con respecto a las suscripciones renovadas autom\u00e1ticamente a los servicios pagados, dichas suscripciones se suspender\u00e1n solo al vencimiento del per\u00edodo correspondiente por el que ya has realizado el pago.<\/p>\n<p>&#8211; Usted acuerda indemnizar y eximir de responsabilidad a Miami Beach Paddleboard de cualquier demanda, p\u00e9rdida, responsabilidad, reclamaci\u00f3n o gasto (incluidos los honorarios de abogados) que terceros realicen en tu contra como consecuencia de, o derivado de, o en relaci\u00f3n con tu uso de la p\u00e1gina web o cualquiera de los servicios ofrecidos en la p\u00e1gina web.<\/p>\n<p>&#8211; En la m\u00e1xima medida permitida por la ley aplicable, en ning\u00fan caso Miami Beach Paddleboard ser\u00e1 responsable por da\u00f1os indirectos, punitivos, incidentales, especiales, consecuentes o ejemplares, incluidos, entre otros, da\u00f1os por p\u00e9rdida de beneficios, buena voluntad, uso, datos. u otras p\u00e9rdidas intangibles, que surjan de o est\u00e9n relacionadas con el uso o la imposibilidad de utilizar el servicio. <br \/>En la m\u00e1xima medida permitida por la ley aplicable, Miami Beach Paddleboard no asume responsabilidad alguna por (i) errores, errores o inexactitudes de contenido; (ii) lesiones personales o da\u00f1os a la propiedad, de cualquier naturaleza que sean, como resultado de tu acceso o uso de nuestro servicio; y (iii) cualquier acceso no autorizado o uso de nuestros servidores seguros y \/ o toda la informaci\u00f3n personal almacenada en los mismos.<\/p>\n<p>&#8211; Nos reservamos el derecho de modificar estos t\u00e9rminos de vez en cuando a nuestra entera discreci\u00f3n. Por lo tanto, debes revisar estas p\u00e1ginas peri\u00f3dicamente. Cuando cambiemos los T\u00e9rminos de una manera material, te notificaremos que se han realizado cambios importantes en los T\u00e9rminos. El uso continuado de la p\u00e1gina web o nuestro servicio despu\u00e9s de dicho cambio constituye tu aceptaci\u00f3n de los nuevos T\u00e9rminos. Si no aceptas alguno de estos t\u00e9rminos o cualquier versi\u00f3n futura de los T\u00e9rminos, no uses o accedas (o contin\u00faes accediendo) a la p\u00e1gina web o al servicio.<\/p>\n<p>&#8211; Acepta recibir de vez en cuando nuestros mensajes y materiales de promoci\u00f3n, por correo postal, correo electr\u00f3nico o cualquier otro formulario de contacto que nos proporciones (incluido tu n\u00famero de tel\u00e9fono para llamadas o mensajes de texto). Si no deseas recibir dichos materiales o avisos de promociones, simplemente av\u00edsanos en cualquier momento.<\/p>\n<p>&#8211; Estos T\u00e9rminos, los derechos y recursos provistos aqu\u00ed, y todos y cada uno de los reclamos y disputas relacionados con este y \/ o los servicios, se regir\u00e1n, interpretar\u00e1n y aplicar\u00e1n en todos los aspectos \u00fanica y exclusivamente de conformidad con las leyes sustantivas internas de Estados Unidos\/ estado de la Florida, sin respeto a sus principios de conflicto de leyes. Todos los reclamos y disputas se presentar\u00e1n y usted acepta que sean decididos exclusivamente por un tribunal de jurisdicci\u00f3n competente ubicada en la ciudad de Cartagena. La aplicaci\u00f3n de la Convenci\u00f3n de Contratos de las Naciones Unidas para la Venta Internacional de Bienes queda expresamente excluida.<\/p>\n<p>Los presentes t\u00e9rminos y condiciones tienen vigencia hasta la fecha 31 de diciembre del 2022.<\/p>\n<p>Para mayor informaci\u00f3n y aclaraciones comun\u00edcate a nuestra l\u00ednea de atenci\u00f3n al cliente +17867187537<\/p>\n<p>[\/et_pb_text][\/et_pb_column][\/et_pb_row][\/et_pb_section]<\/p>\n","protected":false},"excerpt":{"rendered":"<p>Estos t\u00e9rminos y condiciones se actualizaron por \u00faltima vez el Viernes 10 de Septiembre del 2021Esta p\u00e1gina web es propiedad y est\u00e1 operado por Miami Beach Paddleboard. Estos T\u00e9rminos establecen los t\u00e9rminos y condiciones bajo los cuales tu puedes usar nuestra p\u00e1gina web y servicios ofrecidos por nosotros. Esta p\u00e1gina web ofrece a los visitantes [&hellip;]<\/p>\n","protected":false},"author":1,"featured_media":0,"parent":0,"menu_order":8,"comment_status":"closed","ping_status":"closed","template":"","meta":{"_et_pb_use_builder":"on","_et_pb_old_content":"","_et_gb_content_width":"","footnotes":""},"class_list":["post-201","page","type-page","status-publish","hentry"],"yoast_head":"<!-- This site is optimized with the Yoast SEO plugin v26.9 - https:\/\/yoast.com\/product\/yoast-seo-wordpress\/ -->\n<title>T\u00e9rminos de uso y pol\u00edtica de privacidad - Miami Beach Paddleboard - Spanish<\/title>\n<meta name=\"robots\" content=\"index, nofollow, max-snippet:-1, max-image-preview:large, max-video-preview:-1\" \/>\n<link rel=\"canonical\" href=\"https:\/\/miamibeachpaddleboard.com\/es\/terminos-de-uso-y-politica-de-privacidad\/\" \/>\n<meta property=\"og:locale\" content=\"es_ES\" \/>\n<meta property=\"og:type\" content=\"article\" \/>\n<meta property=\"og:title\" content=\"T\u00e9rminos de uso y pol\u00edtica de privacidad - Miami Beach Paddleboard - Spanish\" \/>\n<meta property=\"og:description\" content=\"Estos t\u00e9rminos y condiciones se actualizaron por \u00faltima vez el Viernes 10 de Septiembre del 2021Esta p\u00e1gina web es propiedad y est\u00e1 operado por Miami Beach Paddleboard. Estos T\u00e9rminos establecen los t\u00e9rminos y condiciones bajo los cuales tu puedes usar nuestra p\u00e1gina web y servicios ofrecidos por nosotros. Esta p\u00e1gina web ofrece a los visitantes [&hellip;]\" \/>\n<meta property=\"og:url\" content=\"https:\/\/miamibeachpaddleboard.com\/es\/terminos-de-uso-y-politica-de-privacidad\/\" \/>\n<meta property=\"og:site_name\" content=\"Miami Beach Paddleboard - Spanish\" \/>\n<meta property=\"article:modified_time\" content=\"2021-09-10T22:39:12+00:00\" \/>\n<meta name=\"twitter:card\" content=\"summary_large_image\" \/>\n<meta name=\"twitter:label1\" content=\"Tiempo de lectura\" \/>\n\t<meta name=\"twitter:data1\" content=\"13 minutos\" \/>\n<script type=\"application\/ld+json\" class=\"yoast-schema-graph\">{\"@context\":\"https:\/\/schema.org\",\"@graph\":[{\"@type\":\"WebPage\",\"@id\":\"https:\/\/miamibeachpaddleboard.com\/es\/terminos-de-uso-y-politica-de-privacidad\/\",\"url\":\"https:\/\/miamibeachpaddleboard.com\/es\/terminos-de-uso-y-politica-de-privacidad\/\",\"name\":\"T\u00e9rminos de uso y pol\u00edtica de privacidad - Miami Beach Paddleboard - Spanish\",\"isPartOf\":{\"@id\":\"https:\/\/miamibeachpaddleboard.com\/es\/#website\"},\"datePublished\":\"2021-09-10T22:38:51+00:00\",\"dateModified\":\"2021-09-10T22:39:12+00:00\",\"breadcrumb\":{\"@id\":\"https:\/\/miamibeachpaddleboard.com\/es\/terminos-de-uso-y-politica-de-privacidad\/#breadcrumb\"},\"inLanguage\":\"es\",\"potentialAction\":[{\"@type\":\"ReadAction\",\"target\":[\"https:\/\/miamibeachpaddleboard.com\/es\/terminos-de-uso-y-politica-de-privacidad\/\"]}]},{\"@type\":\"BreadcrumbList\",\"@id\":\"https:\/\/miamibeachpaddleboard.com\/es\/terminos-de-uso-y-politica-de-privacidad\/#breadcrumb\",\"itemListElement\":[{\"@type\":\"ListItem\",\"position\":1,\"name\":\"Portada\",\"item\":\"https:\/\/miamibeachpaddleboard.com\/es\/\"},{\"@type\":\"ListItem\",\"position\":2,\"name\":\"T\u00e9rminos de uso y pol\u00edtica de privacidad\"}]},{\"@type\":\"WebSite\",\"@id\":\"https:\/\/miamibeachpaddleboard.com\/es\/#website\",\"url\":\"https:\/\/miamibeachpaddleboard.com\/es\/\",\"name\":\"Miami Beach Paddleboard - Spanish\",\"description\":\"Alquiler de Paddleboard y Kayak en Miami Beach\",\"potentialAction\":[{\"@type\":\"SearchAction\",\"target\":{\"@type\":\"EntryPoint\",\"urlTemplate\":\"https:\/\/miamibeachpaddleboard.com\/es\/?s={search_term_string}\"},\"query-input\":{\"@type\":\"PropertyValueSpecification\",\"valueRequired\":true,\"valueName\":\"search_term_string\"}}],\"inLanguage\":\"es\"}]}<\/script>\n<!-- \/ Yoast SEO plugin. -->","yoast_head_json":{"title":"T\u00e9rminos de uso y pol\u00edtica de privacidad - Miami Beach Paddleboard - Spanish","robots":{"index":"index","follow":"nofollow","max-snippet":"max-snippet:-1","max-image-preview":"max-image-preview:large","max-video-preview":"max-video-preview:-1"},"canonical":"https:\/\/miamibeachpaddleboard.com\/es\/terminos-de-uso-y-politica-de-privacidad\/","og_locale":"es_ES","og_type":"article","og_title":"T\u00e9rminos de uso y pol\u00edtica de privacidad - Miami Beach Paddleboard - Spanish","og_description":"Estos t\u00e9rminos y condiciones se actualizaron por \u00faltima vez el Viernes 10 de Septiembre del 2021Esta p\u00e1gina web es propiedad y est\u00e1 operado por Miami Beach Paddleboard. Estos T\u00e9rminos establecen los t\u00e9rminos y condiciones bajo los cuales tu puedes usar nuestra p\u00e1gina web y servicios ofrecidos por nosotros. Esta p\u00e1gina web ofrece a los visitantes [&hellip;]","og_url":"https:\/\/miamibeachpaddleboard.com\/es\/terminos-de-uso-y-politica-de-privacidad\/","og_site_name":"Miami Beach Paddleboard - Spanish","article_modified_time":"2021-09-10T22:39:12+00:00","twitter_card":"summary_large_image","twitter_misc":{"Tiempo de lectura":"13 minutos"},"schema":{"@context":"https:\/\/schema.org","@graph":[{"@type":"WebPage","@id":"https:\/\/miamibeachpaddleboard.com\/es\/terminos-de-uso-y-politica-de-privacidad\/","url":"https:\/\/miamibeachpaddleboard.com\/es\/terminos-de-uso-y-politica-de-privacidad\/","name":"T\u00e9rminos de uso y pol\u00edtica de privacidad - Miami Beach Paddleboard - Spanish","isPartOf":{"@id":"https:\/\/miamibeachpaddleboard.com\/es\/#website"},"datePublished":"2021-09-10T22:38:51+00:00","dateModified":"2021-09-10T22:39:12+00:00","breadcrumb":{"@id":"https:\/\/miamibeachpaddleboard.com\/es\/terminos-de-uso-y-politica-de-privacidad\/#breadcrumb"},"inLanguage":"es","potentialAction":[{"@type":"ReadAction","target":["https:\/\/miamibeachpaddleboard.com\/es\/terminos-de-uso-y-politica-de-privacidad\/"]}]},{"@type":"BreadcrumbList","@id":"https:\/\/miamibeachpaddleboard.com\/es\/terminos-de-uso-y-politica-de-privacidad\/#breadcrumb","itemListElement":[{"@type":"ListItem","position":1,"name":"Portada","item":"https:\/\/miamibeachpaddleboard.com\/es\/"},{"@type":"ListItem","position":2,"name":"T\u00e9rminos de uso y pol\u00edtica de privacidad"}]},{"@type":"WebSite","@id":"https:\/\/miamibeachpaddleboard.com\/es\/#website","url":"https:\/\/miamibeachpaddleboard.com\/es\/","name":"Miami Beach Paddleboard - Spanish","description":"Alquiler de Paddleboard y Kayak en Miami Beach","potentialAction":[{"@type":"SearchAction","target":{"@type":"EntryPoint","urlTemplate":"https:\/\/miamibeachpaddleboard.com\/es\/?s={search_term_string}"},"query-input":{"@type":"PropertyValueSpecification","valueRequired":true,"valueName":"search_term_string"}}],"inLanguage":"es"}]}},"_links":{"self":[{"href":"https:\/\/miamibeachpaddleboard.com\/es\/wp-json\/wp\/v2\/pages\/201","targetHints":{"allow":["GET"]}}],"collection":[{"href":"https:\/\/miamibeachpaddleboard.com\/es\/wp-json\/wp\/v2\/pages"}],"about":[{"href":"https:\/\/miamibeachpaddleboard.com\/es\/wp-json\/wp\/v2\/types\/page"}],"author":[{"embeddable":true,"href":"https:\/\/miamibeachpaddleboard.com\/es\/wp-json\/wp\/v2\/users\/1"}],"replies":[{"embeddable":true,"href":"https:\/\/miamibeachpaddleboard.com\/es\/wp-json\/wp\/v2\/comments?post=201"}],"version-history":[{"count":4,"href":"https:\/\/miamibeachpaddleboard.com\/es\/wp-json\/wp\/v2\/pages\/201\/revisions"}],"predecessor-version":[{"id":227,"href":"https:\/\/miamibeachpaddleboard.com\/es\/wp-json\/wp\/v2\/pages\/201\/revisions\/227"}],"wp:attachment":[{"href":"https:\/\/miamibeachpaddleboard.com\/es\/wp-json\/wp\/v2\/media?parent=201"}],"curies":[{"name":"wp","href":"https:\/\/api.w.org\/{rel}","templated":true}]}}