{"id":53,"date":"2020-12-02T21:28:50","date_gmt":"2020-12-02T21:28:50","guid":{"rendered":"https:\/\/miamibeachpaddleboard.com\/es\/?page_id=53"},"modified":"2021-03-15T21:25:04","modified_gmt":"2021-03-15T21:25:04","slug":"faqs","status":"publish","type":"page","link":"https:\/\/miamibeachpaddleboard.com\/es\/faqs\/","title":{"rendered":"FAQs"},"content":{"rendered":"\n\n[et_pb_section fb_built=\u00bb1&#8243; custom_padding_last_edited=\u00bboff|desktop\u00bb disabled_on=\u00bboff|off|off\u00bb admin_label=\u00bbPage Title\u00bb _builder_version=\u00bb4.6.1&#8243; _dynamic_attributes=\u00bbbackground_image\u00bb background_color=\u00bbrgba(1,65,107,0.05)\u00bb background_image=\u00bbhttps:\/\/miamibeachpaddleboard.com\/es\/wp-content\/uploads\/sites\/3\/2020\/12\/HEADER-BACK-1.jpg\u00bb background_position=\u00bbtop_center\u00bb height=\u00bb100vh\u00bb height_tablet=\u00bb400px\u00bb height_last_edited=\u00bboff|phone\u00bb max_height=\u00bb725px\u00bb max_height_tablet=\u00bb760px\u00bb max_height_phone=\u00bb360px\u00bb max_height_last_edited=\u00bbon|phone\u00bb bottom_divider_height=\u00bb20%\u00bb bottom_divider_flip=\u00bbhorizontal\u00bb background_last_edited=\u00bboff|phone\u00bb custom_css_main_element=\u00bbdisplay: flex;||justify-content: center;||align-items: center;||\u00bb saved_tabs=\u00bball\u00bb locked=\u00bboff\u00bb collapsed=\u00bbon\u00bb][et_pb_row admin_label=\u00bbRow &#8211; Content\u00bb _builder_version=\u00bb4.6.1&#8243; width=\u00bb90%\u00bb custom_padding=\u00bb30px||30px||true|false\u00bb][et_pb_column type=\u00bb4_4&#8243; _builder_version=\u00bb4.2&#8243;][et_pb_post_title meta=\u00bboff\u00bb featured_image=\u00bboff\u00bb _builder_version=\u00bb4.6.1&#8243; title_font=\u00bb||||||||\u00bb title_text_align=\u00bbcenter\u00bb title_text_color=\u00bb#000000&#8243; title_letter_spacing=\u00bb-1px\u00bb custom_margin=\u00bb||1em||false|false\u00bb custom_margin_tablet=\u00bb\u00bb custom_margin_phone=\u00bb3em||0px||false|false\u00bb custom_margin_last_edited=\u00bbon|phone\u00bb custom_padding=\u00bb0px||0px||true|false\u00bb title_font_size_tablet=\u00bb\u00bb title_font_size_phone=\u00bb38px\u00bb title_font_size_last_edited=\u00bbon|phone\u00bb custom_css_post_title=\u00bbfont-weight: 500;\u00bb][\/et_pb_post_title][et_pb_text admin_label=\u00bbDescription of the page\u00bb _builder_version=\u00bb4.7.4&#8243; text_font=\u00bb||||||||\u00bb text_font_size=\u00bb20px\u00bb text_line_height=\u00bb1.8em\u00bb text_orientation=\u00bbcenter\u00bb width_last_edited=\u00bboff|desktop\u00bb max_width=\u00bb36%\u00bb max_width_tablet=\u00bb90%\u00bb max_width_phone=\u00bb90%\u00bb max_width_last_edited=\u00bbon|phone\u00bb module_alignment=\u00bbcenter\u00bb text_font_size_tablet=\u00bb\u00bb text_font_size_phone=\u00bb18px\u00bb text_font_size_last_edited=\u00bbon|phone\u00bb text_line_height_tablet=\u00bb\u00bb text_line_height_phone=\u00bb1.6em\u00bb text_line_height_last_edited=\u00bbon|phone\u00bb locked=\u00bboff\u00bb]<p>Consulte las preguntas frecuentes<\/p>[\/et_pb_text][\/et_pb_column][\/et_pb_row][\/et_pb_section][et_pb_section fb_built=\u00bb1&#8243; custom_padding_last_edited=\u00bbon|desktop\u00bb _builder_version=\u00bb4.5.7&#8243; custom_padding=\u00bb||100px||false|false\u00bb custom_padding_tablet=\u00bb20px||20px||true|false\u00bb custom_padding_phone=\u00bb30px||30px||true|false\u00bb top_divider_height=\u00bb260px\u00bb][et_pb_row custom_padding_last_edited=\u00bbon|tablet\u00bb _builder_version=\u00bb4.6.1&#8243; _module_preset=\u00bbdefault\u00bb width=\u00bb90%\u00bb width_tablet=\u00bb\u00bb width_phone=\u00bb91.5%\u00bb width_last_edited=\u00bbon|phone\u00bb max_width=\u00bb880px\u00bb custom_padding=\u00bb0px||30px||false|false\u00bb custom_padding_tablet=\u00bb\u00bb custom_padding_phone=\u00bb\u00bb][et_pb_column type=\u00bb4_4&#8243; _builder_version=\u00bb4.5.7&#8243; _module_preset=\u00bbdefault\u00bb][et_pb_toggle title=\u00bb\u00bfC\u00f3mo llegar a nuestra ubicaci\u00f3n (Miami Beach Paddleboard)?\u00bb open_toggle_text_color=\u00bb#62bccf\u00bb open_toggle_background_color=\u00bbrgba(0,0,0,0)\u00bb closed_toggle_background_color=\u00bbrgba(0,0,0,0)\u00bb icon_color=\u00bb#000000&#8243; use_icon_font_size=\u00bbon\u00bb icon_font_size=\u00bb18px\u00bb disabled_on=\u00bboff|off|off\u00bb _builder_version=\u00bb4.7.4&#8243; title_text_color=\u00bb#000000&#8243; background_enable_color=\u00bboff\u00bb custom_margin_tablet=\u00bb\u00bb custom_margin_phone=\u00bb||0em||false|false\u00bb custom_margin_last_edited=\u00bbon|phone\u00bb hover_enabled=\u00bb0&#8243; title_font_size_tablet=\u00bb\u00bb title_font_size_phone=\u00bb20px\u00bb title_font_size_last_edited=\u00bbon|phone\u00bb border_width_all=\u00bb0px\u00bb border_width_bottom=\u00bb1px\u00bb border_color_bottom=\u00bb#dddddd\u00bb sticky_enabled=\u00bb0&#8243;]<p>Estamos ubicados en 1701 Purdy ave shop 102 Miami Beach Fl 33139, puede tomar un UBER o estacionarse en el estacionamiento p\u00fablico que est\u00e1 justo enfrente de nosotros.<\/p>\n[\/et_pb_toggle][et_pb_toggle title=\u00bb\u00bfTienes taquillas?\u00bb open_toggle_text_color=\u00bb#62bccf\u00bb open_toggle_background_color=\u00bbrgba(0,0,0,0)\u00bb closed_toggle_background_color=\u00bbrgba(0,0,0,0)\u00bb icon_color=\u00bb#000000&#8243; use_icon_font_size=\u00bbon\u00bb icon_font_size=\u00bb18px\u00bb disabled_on=\u00bboff|off|off\u00bb _builder_version=\u00bb4.7.4&#8243; title_text_color=\u00bb#000000&#8243; background_enable_color=\u00bboff\u00bb custom_margin_tablet=\u00bb\u00bb custom_margin_phone=\u00bb||0em||false|false\u00bb custom_margin_last_edited=\u00bbon|phone\u00bb hover_enabled=\u00bb0&#8243; title_font_size_tablet=\u00bb\u00bb title_font_size_phone=\u00bb20px\u00bb title_font_size_last_edited=\u00bbon|phone\u00bb border_width_all=\u00bb0px\u00bb border_width_bottom=\u00bb1px\u00bb border_color_bottom=\u00bb#dddddd\u00bb sticky_enabled=\u00bb0&#8243;]<p>S\u00ed, tenemos donde guardar tus pertenencias.<\/p>\n[\/et_pb_toggle][et_pb_toggle title=\u00bb\u00bfL\u00edmites y requisitos de edad?\u00bb open_toggle_text_color=\u00bb#62bccf\u00bb open_toggle_background_color=\u00bbrgba(0,0,0,0)\u00bb closed_toggle_background_color=\u00bbrgba(0,0,0,0)\u00bb icon_color=\u00bb#000000&#8243; use_icon_font_size=\u00bbon\u00bb icon_font_size=\u00bb18px\u00bb disabled_on=\u00bboff|off|off\u00bb _builder_version=\u00bb4.7.4&#8243; title_text_color=\u00bb#000000&#8243; background_enable_color=\u00bboff\u00bb custom_margin_tablet=\u00bb\u00bb custom_margin_phone=\u00bb||0em||false|false\u00bb custom_margin_last_edited=\u00bbon|phone\u00bb title_font_size_tablet=\u00bb\u00bb title_font_size_phone=\u00bb20px\u00bb title_font_size_last_edited=\u00bbon|phone\u00bb border_width_all=\u00bb0px\u00bb border_width_bottom=\u00bb1px\u00bb border_color_bottom=\u00bb#dddddd\u00bb]<p><span>Debe ser mayor de 18+ a\u00f1os o un padre o tutor debe firmar la renuncia, adem\u00e1s de traer una identificaci\u00f3n.<\/span><\/p>[\/et_pb_toggle][et_pb_toggle title=\u00bb\u00bfQu\u00e9 formas de pago est\u00e1n disponibles?\u00bb open_toggle_text_color=\u00bb#62bccf\u00bb open_toggle_background_color=\u00bbrgba(0,0,0,0)\u00bb closed_toggle_background_color=\u00bbrgba(0,0,0,0)\u00bb icon_color=\u00bb#000000&#8243; use_icon_font_size=\u00bbon\u00bb icon_font_size=\u00bb18px\u00bb disabled_on=\u00bboff|off|off\u00bb _builder_version=\u00bb4.7.4&#8243; title_text_color=\u00bb#000000&#8243; background_enable_color=\u00bboff\u00bb custom_margin_tablet=\u00bb\u00bb custom_margin_phone=\u00bb||0em||false|false\u00bb custom_margin_last_edited=\u00bbon|phone\u00bb hover_enabled=\u00bb0&#8243; title_font_size_tablet=\u00bb\u00bb title_font_size_phone=\u00bb20px\u00bb title_font_size_last_edited=\u00bbon|phone\u00bb border_width_all=\u00bb0px\u00bb border_width_bottom=\u00bb1px\u00bb border_color_bottom=\u00bb#dddddd\u00bb sticky_enabled=\u00bb0&#8243;]<p>Aceptamos todas las tarjetas de cr\u00e9dito, efectivo, venmo, apple pay o paga en l\u00ednea una vez que reserve su actividad.<\/p>\n[\/et_pb_toggle][et_pb_toggle title=\u00bb\u00bfNecesito una reserva?\u00bb open_toggle_text_color=\u00bb#62bccf\u00bb open_toggle_background_color=\u00bbrgba(0,0,0,0)\u00bb closed_toggle_background_color=\u00bbrgba(0,0,0,0)\u00bb icon_color=\u00bb#000000&#8243; use_icon_font_size=\u00bbon\u00bb icon_font_size=\u00bb18px\u00bb disabled_on=\u00bboff|off|off\u00bb _builder_version=\u00bb4.7.4&#8243; title_text_color=\u00bb#000000&#8243; background_enable_color=\u00bboff\u00bb custom_margin_tablet=\u00bb\u00bb custom_margin_phone=\u00bb||0em||false|false\u00bb custom_margin_last_edited=\u00bbon|phone\u00bb hover_enabled=\u00bb0&#8243; title_font_size_tablet=\u00bb\u00bb title_font_size_phone=\u00bb20px\u00bb title_font_size_last_edited=\u00bbon|phone\u00bb border_width_all=\u00bb0px\u00bb border_width_bottom=\u00bb1px\u00bb border_color_bottom=\u00bb#dddddd\u00bb sticky_enabled=\u00bb0&#8243;]<p>S\u00ed, todas las reservas se pueden hacer en nuestro sitio web, los clientes caminando son bienvenidos, pero las reservas tendr\u00e1n la prioridad.<\/p>\n<p>Solo aceptamos reservas con un dep\u00f3sito o el pago total de la actividad en l\u00ednea o por tel\u00e9fono.<\/p>\n[\/et_pb_toggle][et_pb_toggle title=\u00bb\u00bfRequisitos para alquileres?\u00bb open_toggle_text_color=\u00bb#62bccf\u00bb open_toggle_background_color=\u00bbrgba(0,0,0,0)\u00bb closed_toggle_background_color=\u00bbrgba(0,0,0,0)\u00bb icon_color=\u00bb#000000&#8243; use_icon_font_size=\u00bbon\u00bb icon_font_size=\u00bb18px\u00bb disabled_on=\u00bboff|off|off\u00bb _builder_version=\u00bb4.7.4&#8243; title_text_color=\u00bb#000000&#8243; background_enable_color=\u00bboff\u00bb custom_margin_tablet=\u00bb\u00bb custom_margin_phone=\u00bb||0em||false|false\u00bb custom_margin_last_edited=\u00bbon|phone\u00bb hover_enabled=\u00bb0&#8243; title_font_size_tablet=\u00bb\u00bb title_font_size_phone=\u00bb20px\u00bb title_font_size_last_edited=\u00bbon|phone\u00bb border_width_all=\u00bb0px\u00bb border_width_bottom=\u00bb1px\u00bb border_color_bottom=\u00bb#dddddd\u00bb sticky_enabled=\u00bb0&#8243;]<p>Todos los inquilinos deben proporcionar un formulario de identificaci\u00f3n v\u00e1lido o 1 para el grupo o pasajero individual.<\/p>\n[\/et_pb_toggle][et_pb_toggle title=\u00bb\u00bfCapacidad del equipo?\u00bb open_toggle_text_color=\u00bb#62bccf\u00bb open_toggle_background_color=\u00bbrgba(0,0,0,0)\u00bb closed_toggle_background_color=\u00bbrgba(0,0,0,0)\u00bb icon_color=\u00bb#000000&#8243; use_icon_font_size=\u00bbon\u00bb icon_font_size=\u00bb18px\u00bb disabled_on=\u00bboff|off|off\u00bb _builder_version=\u00bb4.7.4&#8243; title_text_color=\u00bb#000000&#8243; background_enable_color=\u00bboff\u00bb custom_margin_tablet=\u00bb\u00bb custom_margin_phone=\u00bb||0em||false|false\u00bb custom_margin_last_edited=\u00bbon|phone\u00bb hover_enabled=\u00bb0&#8243; title_font_size_tablet=\u00bb\u00bb title_font_size_phone=\u00bb20px\u00bb title_font_size_last_edited=\u00bbon|phone\u00bb border_width_all=\u00bb0px\u00bb border_width_bottom=\u00bb1px\u00bb border_color_bottom=\u00bb#dddddd\u00bb sticky_enabled=\u00bb0&#8243;]<ul>\n<li>Tablas de surf para m\u00e1ximo 6 personas<\/li>\n<li>Tour en SUP al atardecer 14 personas m\u00e1x.<\/li>\n<\/ul>\n<p>Proporcionamos un chaleco salvavidas para todas las actividades y los clientes deben firmar la renuncia antes de realizar cualquier actividad.<\/p>\n[\/et_pb_toggle][et_pb_toggle title=\u00bb\u00bfPol\u00edtica de cancelaci\u00f3n y reprogramaci\u00f3n?\u00bb open_toggle_text_color=\u00bb#62bccf\u00bb open_toggle_background_color=\u00bbrgba(0,0,0,0)\u00bb closed_toggle_background_color=\u00bbrgba(0,0,0,0)\u00bb icon_color=\u00bb#000000&#8243; use_icon_font_size=\u00bbon\u00bb icon_font_size=\u00bb18px\u00bb disabled_on=\u00bboff|off|off\u00bb _builder_version=\u00bb4.7.4&#8243; title_text_color=\u00bb#000000&#8243; background_enable_color=\u00bboff\u00bb custom_margin_tablet=\u00bb\u00bb custom_margin_phone=\u00bb||0em||false|false\u00bb custom_margin_last_edited=\u00bbon|phone\u00bb title_font_size_tablet=\u00bb\u00bb title_font_size_phone=\u00bb20px\u00bb title_font_size_last_edited=\u00bbon|phone\u00bb border_width_all=\u00bb0px\u00bb border_width_bottom=\u00bb1px\u00bb border_color_bottom=\u00bb#dddddd\u00bb]<p>Las cancelaciones realizadas 7 d\u00edas o m\u00e1s antes de la fecha reservada son elegibles para un reembolso completo, menos una tarifa de procesamiento del 10%.<\/p>\n<p>Las cancelaciones realizadas dentro de las 24 horas posteriores a la fecha reservada no recibir\u00e1n reembolsos de ning\u00fan tipo, independientemente de si el equipo ha sido reservado o no por otra parte.<\/p>\n<p>NO SHOWS se cobrar\u00e1 en su totalidad por el per\u00edodo de alquiler reservado. Cualquier fiesta que no haya llegado a la hora programada del alquiler se considerar\u00e1 NO SHOW.<\/p>\n<p>Nos reservamos el derecho de cancelar su reserva por violaciones a nuestras pol\u00edticas.<\/p>\n<p>Nos reservamos el derecho, \u00fanicamente a nuestra discreci\u00f3n, de reprogramar y \/ o cancelar su reserva en caso de mal tiempo. Las reservaciones canceladas debido al clima (o cualquier otro motivo V\u00c1LIDO y APROBADO) durante el per\u00edodo de alquiler recibir\u00e1n un cup\u00f3n de cr\u00e9dito para el uso de un equipo igual o similar en una fecha u hora posterior, o en forma de una cantidad en d\u00f3lares que se utilizados en nuestro equipo alternativo, y dichos cupones se determinar\u00e1n a discreci\u00f3n exclusiva del personal de Miami Beach Paddleboard.<\/p>\n<p>Se puede reprogramar si el mal tiempo fue el factor de cancelaci\u00f3n, solo el personal de Miami Beach Paddleboard determina esta situaci\u00f3n.<\/p>[\/et_pb_toggle][et_pb_toggle title=\u00bb\u00bfReembolso?\u00bb open_toggle_text_color=\u00bb#62bccf\u00bb open_toggle_background_color=\u00bbrgba(0,0,0,0)\u00bb closed_toggle_background_color=\u00bbrgba(0,0,0,0)\u00bb icon_color=\u00bb#000000&#8243; use_icon_font_size=\u00bbon\u00bb icon_font_size=\u00bb18px\u00bb disabled_on=\u00bboff|off|off\u00bb _builder_version=\u00bb4.7.4&#8243; title_text_color=\u00bb#000000&#8243; background_enable_color=\u00bboff\u00bb custom_margin_tablet=\u00bb\u00bb custom_margin_phone=\u00bb||0em||false|false\u00bb custom_margin_last_edited=\u00bbon|phone\u00bb hover_enabled=\u00bb0&#8243; title_font_size_tablet=\u00bb\u00bb title_font_size_phone=\u00bb20px\u00bb title_font_size_last_edited=\u00bbon|phone\u00bb border_width_all=\u00bb0px\u00bb border_width_bottom=\u00bb1px\u00bb border_color_bottom=\u00bb#dddddd\u00bb sticky_enabled=\u00bb0&#8243;]<p>Solo reembolsamos en caso de mal tiempo.<\/p>\n[\/et_pb_toggle][\/et_pb_column][\/et_pb_row][\/et_pb_section]\n\n","protected":false},"excerpt":{"rendered":"<p>Consulte las preguntas frecuentesEstamos ubicados en 1701 Purdy ave shop 102 Miami Beach Fl 33139, puede tomar un UBER o estacionarse en el estacionamiento p\u00fablico que est\u00e1 justo enfrente de nosotros. S\u00ed, tenemos donde guardar tus pertenencias. Debe ser mayor de 18+ a\u00f1os o un padre o tutor debe firmar la renuncia, adem\u00e1s de traer [&hellip;]<\/p>\n","protected":false},"author":1,"featured_media":0,"parent":0,"menu_order":5,"comment_status":"closed","ping_status":"closed","template":"","meta":{"_et_pb_use_builder":"on","_et_pb_old_content":"","_et_gb_content_width":"","footnotes":""},"class_list":["post-53","page","type-page","status-publish","hentry"],"yoast_head":"<!-- This site is optimized with the Yoast SEO plugin v26.9 - https:\/\/yoast.com\/product\/yoast-seo-wordpress\/ -->\n<title>FAQs - Miami Beach Paddleboard - Spanish<\/title>\n<meta name=\"description\" content=\"Aqu\u00ed encontrar\u00e1s las preguntas frecuentes sobre una amplia variedad de temas y asuntos relacionados con nuestra oferta de servicios\" \/>\n<meta name=\"robots\" content=\"index, follow, max-snippet:-1, max-image-preview:large, max-video-preview:-1\" \/>\n<link rel=\"canonical\" href=\"https:\/\/miamibeachpaddleboard.com\/es\/faqs\/\" \/>\n<meta property=\"og:locale\" content=\"es_ES\" \/>\n<meta property=\"og:type\" content=\"article\" \/>\n<meta property=\"og:title\" content=\"FAQs - Miami Beach Paddleboard - Spanish\" \/>\n<meta property=\"og:description\" content=\"Aqu\u00ed encontrar\u00e1s las preguntas frecuentes sobre una amplia variedad de temas y asuntos relacionados con nuestra oferta de servicios\" \/>\n<meta property=\"og:url\" content=\"https:\/\/miamibeachpaddleboard.com\/es\/faqs\/\" \/>\n<meta property=\"og:site_name\" content=\"Miami Beach Paddleboard - Spanish\" \/>\n<meta property=\"article:modified_time\" content=\"2021-03-15T21:25:04+00:00\" \/>\n<meta name=\"twitter:card\" content=\"summary_large_image\" \/>\n<meta name=\"twitter:label1\" content=\"Tiempo de lectura\" \/>\n\t<meta name=\"twitter:data1\" content=\"4 minutos\" \/>\n<script type=\"application\/ld+json\" class=\"yoast-schema-graph\">{\"@context\":\"https:\/\/schema.org\",\"@graph\":[{\"@type\":\"WebPage\",\"@id\":\"https:\/\/miamibeachpaddleboard.com\/es\/faqs\/\",\"url\":\"https:\/\/miamibeachpaddleboard.com\/es\/faqs\/\",\"name\":\"FAQs - Miami Beach Paddleboard - Spanish\",\"isPartOf\":{\"@id\":\"https:\/\/miamibeachpaddleboard.com\/es\/#website\"},\"datePublished\":\"2020-12-02T21:28:50+00:00\",\"dateModified\":\"2021-03-15T21:25:04+00:00\",\"description\":\"Aqu\u00ed encontrar\u00e1s las preguntas frecuentes sobre una amplia variedad de temas y asuntos relacionados con nuestra oferta de servicios\",\"breadcrumb\":{\"@id\":\"https:\/\/miamibeachpaddleboard.com\/es\/faqs\/#breadcrumb\"},\"inLanguage\":\"es\",\"potentialAction\":[{\"@type\":\"ReadAction\",\"target\":[\"https:\/\/miamibeachpaddleboard.com\/es\/faqs\/\"]}]},{\"@type\":\"BreadcrumbList\",\"@id\":\"https:\/\/miamibeachpaddleboard.com\/es\/faqs\/#breadcrumb\",\"itemListElement\":[{\"@type\":\"ListItem\",\"position\":1,\"name\":\"Portada\",\"item\":\"https:\/\/miamibeachpaddleboard.com\/es\/\"},{\"@type\":\"ListItem\",\"position\":2,\"name\":\"FAQs\"}]},{\"@type\":\"WebSite\",\"@id\":\"https:\/\/miamibeachpaddleboard.com\/es\/#website\",\"url\":\"https:\/\/miamibeachpaddleboard.com\/es\/\",\"name\":\"Miami Beach Paddleboard - Spanish\",\"description\":\"Alquiler de Paddleboard y Kayak en Miami Beach\",\"potentialAction\":[{\"@type\":\"SearchAction\",\"target\":{\"@type\":\"EntryPoint\",\"urlTemplate\":\"https:\/\/miamibeachpaddleboard.com\/es\/?s={search_term_string}\"},\"query-input\":{\"@type\":\"PropertyValueSpecification\",\"valueRequired\":true,\"valueName\":\"search_term_string\"}}],\"inLanguage\":\"es\"}]}<\/script>\n<!-- \/ Yoast SEO plugin. -->","yoast_head_json":{"title":"FAQs - Miami Beach Paddleboard - Spanish","description":"Aqu\u00ed encontrar\u00e1s las preguntas frecuentes sobre una amplia variedad de temas y asuntos relacionados con nuestra oferta de servicios","robots":{"index":"index","follow":"follow","max-snippet":"max-snippet:-1","max-image-preview":"max-image-preview:large","max-video-preview":"max-video-preview:-1"},"canonical":"https:\/\/miamibeachpaddleboard.com\/es\/faqs\/","og_locale":"es_ES","og_type":"article","og_title":"FAQs - Miami Beach Paddleboard - Spanish","og_description":"Aqu\u00ed encontrar\u00e1s las preguntas frecuentes sobre una amplia variedad de temas y asuntos relacionados con nuestra oferta de servicios","og_url":"https:\/\/miamibeachpaddleboard.com\/es\/faqs\/","og_site_name":"Miami Beach Paddleboard - Spanish","article_modified_time":"2021-03-15T21:25:04+00:00","twitter_card":"summary_large_image","twitter_misc":{"Tiempo de lectura":"4 minutos"},"schema":{"@context":"https:\/\/schema.org","@graph":[{"@type":"WebPage","@id":"https:\/\/miamibeachpaddleboard.com\/es\/faqs\/","url":"https:\/\/miamibeachpaddleboard.com\/es\/faqs\/","name":"FAQs - Miami Beach Paddleboard - Spanish","isPartOf":{"@id":"https:\/\/miamibeachpaddleboard.com\/es\/#website"},"datePublished":"2020-12-02T21:28:50+00:00","dateModified":"2021-03-15T21:25:04+00:00","description":"Aqu\u00ed encontrar\u00e1s las preguntas frecuentes sobre una amplia variedad de temas y asuntos relacionados con nuestra oferta de servicios","breadcrumb":{"@id":"https:\/\/miamibeachpaddleboard.com\/es\/faqs\/#breadcrumb"},"inLanguage":"es","potentialAction":[{"@type":"ReadAction","target":["https:\/\/miamibeachpaddleboard.com\/es\/faqs\/"]}]},{"@type":"BreadcrumbList","@id":"https:\/\/miamibeachpaddleboard.com\/es\/faqs\/#breadcrumb","itemListElement":[{"@type":"ListItem","position":1,"name":"Portada","item":"https:\/\/miamibeachpaddleboard.com\/es\/"},{"@type":"ListItem","position":2,"name":"FAQs"}]},{"@type":"WebSite","@id":"https:\/\/miamibeachpaddleboard.com\/es\/#website","url":"https:\/\/miamibeachpaddleboard.com\/es\/","name":"Miami Beach Paddleboard - Spanish","description":"Alquiler de Paddleboard y Kayak en Miami Beach","potentialAction":[{"@type":"SearchAction","target":{"@type":"EntryPoint","urlTemplate":"https:\/\/miamibeachpaddleboard.com\/es\/?s={search_term_string}"},"query-input":{"@type":"PropertyValueSpecification","valueRequired":true,"valueName":"search_term_string"}}],"inLanguage":"es"}]}},"_links":{"self":[{"href":"https:\/\/miamibeachpaddleboard.com\/es\/wp-json\/wp\/v2\/pages\/53","targetHints":{"allow":["GET"]}}],"collection":[{"href":"https:\/\/miamibeachpaddleboard.com\/es\/wp-json\/wp\/v2\/pages"}],"about":[{"href":"https:\/\/miamibeachpaddleboard.com\/es\/wp-json\/wp\/v2\/types\/page"}],"author":[{"embeddable":true,"href":"https:\/\/miamibeachpaddleboard.com\/es\/wp-json\/wp\/v2\/users\/1"}],"replies":[{"embeddable":true,"href":"https:\/\/miamibeachpaddleboard.com\/es\/wp-json\/wp\/v2\/comments?post=53"}],"version-history":[{"count":7,"href":"https:\/\/miamibeachpaddleboard.com\/es\/wp-json\/wp\/v2\/pages\/53\/revisions"}],"predecessor-version":[{"id":190,"href":"https:\/\/miamibeachpaddleboard.com\/es\/wp-json\/wp\/v2\/pages\/53\/revisions\/190"}],"wp:attachment":[{"href":"https:\/\/miamibeachpaddleboard.com\/es\/wp-json\/wp\/v2\/media?parent=53"}],"curies":[{"name":"wp","href":"https:\/\/api.w.org\/{rel}","templated":true}]}}