{"id":58,"date":"2020-12-02T21:29:54","date_gmt":"2020-12-02T21:29:54","guid":{"rendered":"https:\/\/miamibeachpaddleboard.com\/es\/?page_id=58"},"modified":"2023-12-21T12:36:21","modified_gmt":"2023-12-21T12:36:21","slug":"contacto","status":"publish","type":"page","link":"https:\/\/miamibeachpaddleboard.com\/es\/contacto\/","title":{"rendered":"Contacto"},"content":{"rendered":"<p>[et_pb_section fb_built=\u00bb1&#8243; custom_padding_last_edited=\u00bboff|desktop\u00bb disabled_on=\u00bboff|off|off\u00bb admin_label=\u00bbPage Title\u00bb _builder_version=\u00bb4.16&#8243; _dynamic_attributes=\u00bbbackground_image\u00bb _module_preset=\u00bbdefault\u00bb background_color=\u00bbrgba(1,65,107,0.05)\u00bb background_image=\u00bbhttps:\/\/miamibeachpaddleboard.com\/es\/wp-content\/uploads\/sites\/3\/2020\/12\/HEADER-BACK-1.jpg\u00bb background_position=\u00bbtop_center\u00bb height=\u00bb100vh\u00bb height_tablet=\u00bb400px\u00bb height_last_edited=\u00bboff|phone\u00bb max_height=\u00bb725px\u00bb max_height_tablet=\u00bb760px\u00bb max_height_phone=\u00bb360px\u00bb max_height_last_edited=\u00bbon|phone\u00bb bottom_divider_height=\u00bb20%\u00bb bottom_divider_flip=\u00bbhorizontal\u00bb background_last_edited=\u00bboff|phone\u00bb custom_css_main_element=\u00bbdisplay: flex;||justify-content: center;||align-items: center;||\u00bb saved_tabs=\u00bball\u00bb locked=\u00bboff\u00bb collapsed=\u00bbon\u00bb global_colors_info=\u00bb{}\u00bb][et_pb_row admin_label=\u00bbRow &#8211; Content\u00bb _builder_version=\u00bb4.16&#8243; _module_preset=\u00bbdefault\u00bb width=\u00bb90%\u00bb custom_padding=\u00bb30px||30px||true|false\u00bb global_colors_info=\u00bb{}\u00bb][et_pb_column type=\u00bb4_4&#8243; _builder_version=\u00bb4.16&#8243; _module_preset=\u00bbdefault\u00bb global_colors_info=\u00bb{}\u00bb][et_pb_post_title meta=\u00bboff\u00bb featured_image=\u00bboff\u00bb _builder_version=\u00bb4.16&#8243; _module_preset=\u00bbdefault\u00bb title_font=\u00bb||||||||\u00bb title_text_align=\u00bbcenter\u00bb title_text_color=\u00bb#000000&#8243; title_letter_spacing=\u00bb-1px\u00bb custom_margin=\u00bb||1em||false|false\u00bb custom_margin_tablet=\u00bb\u00bb custom_margin_phone=\u00bb3em||0px||false|false\u00bb custom_margin_last_edited=\u00bbon|phone\u00bb custom_padding=\u00bb0px||0px||true|false\u00bb title_font_size_tablet=\u00bb\u00bb title_font_size_phone=\u00bb38px\u00bb title_font_size_last_edited=\u00bbon|phone\u00bb custom_css_post_title=\u00bbfont-weight: 500;\u00bb global_colors_info=\u00bb{}\u00bb][\/et_pb_post_title][et_pb_text admin_label=\u00bbDescription of the page\u00bb _builder_version=\u00bb4.16&#8243; _module_preset=\u00bb354bd5a6-dfc1-4cc6-86f7-d279a28ed478&#8243; text_font=\u00bb||||||||\u00bb text_font_size=\u00bb20px\u00bb text_line_height=\u00bb1.8em\u00bb text_orientation=\u00bbcenter\u00bb width_last_edited=\u00bboff|desktop\u00bb max_width=\u00bb36%\u00bb max_width_tablet=\u00bb90%\u00bb max_width_phone=\u00bb90%\u00bb max_width_last_edited=\u00bbon|phone\u00bb module_alignment=\u00bbcenter\u00bb text_font_size_tablet=\u00bb\u00bb text_font_size_phone=\u00bb18px\u00bb text_font_size_last_edited=\u00bbon|phone\u00bb text_line_height_tablet=\u00bb\u00bb text_line_height_phone=\u00bb1.6em\u00bb text_line_height_last_edited=\u00bbon|phone\u00bb locked=\u00bboff\u00bb global_colors_info=\u00bb{}\u00bb]<\/p>\n<p>Aqu\u00ed nuestros canales de atenci\u00f3n al cliente<\/p>\n<p>[\/et_pb_text][\/et_pb_column][\/et_pb_row][\/et_pb_section][et_pb_section fb_built=\u00bb1&#8243; custom_padding_last_edited=\u00bbon|phone\u00bb _builder_version=\u00bb4.16&#8243; _module_preset=\u00bbdefault\u00bb custom_padding=\u00bb||||false|false\u00bb custom_padding_tablet=\u00bb||||false|false\u00bb custom_padding_phone=\u00bb||||true|false\u00bb global_colors_info=\u00bb{}\u00bb][et_pb_row custom_padding_last_edited=\u00bbon|phone\u00bb _builder_version=\u00bb4.16&#8243; _module_preset=\u00bbdefault\u00bb width=\u00bb36%\u00bb width_tablet=\u00bb90%\u00bb width_phone=\u00bb90%\u00bb width_last_edited=\u00bbon|tablet\u00bb max_width_tablet=\u00bb90%\u00bb max_width_last_edited=\u00bboff|phone\u00bb custom_padding_tablet=\u00bb\u00bb custom_padding_phone=\u00bb0px||0px||true|false\u00bb global_colors_info=\u00bb{}\u00bb][et_pb_column type=\u00bb4_4&#8243; _builder_version=\u00bb4.16&#8243; _module_preset=\u00bbdefault\u00bb global_colors_info=\u00bb{}\u00bb][et_pb_text _builder_version=\u00bb4.16&#8243; _module_preset=\u00bbe8465268-d8d0-4b13-88e3-f5acc65b9aa9&#8243; header_font=\u00bb||||||||\u00bb header_letter_spacing=\u00bb-1px\u00bb header_2_font=\u00bb||||||||\u00bb header_2_letter_spacing=\u00bb-1px\u00bb header_3_font=\u00bb||||||||\u00bb header_3_text_align=\u00bbcenter\u00bb header_3_letter_spacing=\u00bb-1px\u00bb header_4_font=\u00bb||||||||\u00bb header_4_letter_spacing=\u00bb-1px\u00bb header_5_font=\u00bb||||||||\u00bb header_5_text_align=\u00bbcenter\u00bb header_5_letter_spacing=\u00bb-1px\u00bb header_6_font=\u00bb||||||||\u00bb header_6_letter_spacing=\u00bb-1px\u00bb custom_margin=\u00bb||1em||false|false\u00bb header_3_font_size_tablet=\u00bb\u00bb header_3_font_size_phone=\u00bb26px\u00bb header_3_font_size_last_edited=\u00bbon|phone\u00bb custom_css_main_element=\u00bbfont-weight: 500;\u00bb global_colors_info=\u00bb{}\u00bb]<\/p>\n<h3><span>Mensajer\u00eda Directa<\/span><\/h3>\n<p>[\/et_pb_text][et_pb_text _builder_version=\u00bb4.16&#8243; _module_preset=\u00bb354bd5a6-dfc1-4cc6-86f7-d279a28ed478&#8243; text_font_size=\u00bb20px\u00bb text_line_height=\u00bb1.8em\u00bb text_orientation=\u00bbcenter\u00bb width_tablet=\u00bb\u00bb width_phone=\u00bb90%\u00bb width_last_edited=\u00bbon|phone\u00bb module_alignment=\u00bbcenter\u00bb custom_margin=\u00bb||||false|false\u00bb global_colors_info=\u00bb{}\u00bb]<\/p>\n<p>Escr\u00edbenos, estamos siempre dispuestos a ayudar<\/p>\n<p>[\/et_pb_text][\/et_pb_column][\/et_pb_row][et_pb_row column_structure=\u00bb1_2,1_2&#8243; custom_padding_last_edited=\u00bbon|phone\u00bb _builder_version=\u00bb4.16&#8243; _module_preset=\u00bbdefault\u00bb width=\u00bb1920px\u00bb width_tablet=\u00bb100%\u00bb width_last_edited=\u00bboff|desktop\u00bb max_width=\u00bb470px\u00bb max_width_tablet=\u00bb100%\u00bb max_width_phone=\u00bb\u00bb max_width_last_edited=\u00bbon|desktop\u00bb custom_padding=\u00bb0px||||false|false\u00bb custom_padding_tablet=\u00bb\u00bb custom_padding_phone=\u00bb1em||||false|false\u00bb global_colors_info=\u00bb{}\u00bb][et_pb_column type=\u00bb1_2&#8243; _builder_version=\u00bb4.16&#8243; _module_preset=\u00bbdefault\u00bb global_colors_info=\u00bb{}\u00bb][et_pb_code _builder_version=\u00bb4.16&#8243; _module_preset=\u00bbdefault\u00bb text_orientation=\u00bbright\u00bb text_orientation_tablet=\u00bbcenter\u00bb text_orientation_phone=\u00bb\u00bb text_orientation_last_edited=\u00bbon|tablet\u00bb global_colors_info=\u00bb{}\u00bb]<a href=\"https:\/\/www.messenger.com\/t\/MiamiWaterSports\" target=\"block\" rel=\"noopener noreferrer\"><!-- [et_pb_line_break_holder] -->\t<button id=\"bt_messenger\"><!-- [et_pb_line_break_holder] -->\t\t<img decoding=\"async\" src=\"https:\/\/miamibeachpaddleboard.com\/wp-content\/themes\/mbp\/social_icon\/messenger.svg\" width=\"30\"><!-- [et_pb_line_break_holder] -->\t\t<\/p>\n<div class=\"bt_content\"><!-- [et_pb_line_break_holder] -->\t\t\t<span class=\"bt_description\">Messenger Chat<\/span><!-- [et_pb_line_break_holder] -->\t\t<\/div>\n<p><!-- [et_pb_line_break_holder] -->\t<\/button><!-- [et_pb_line_break_holder] --><\/a>[\/et_pb_code][\/et_pb_column][et_pb_column type=\u00bb1_2&#8243; _builder_version=\u00bb4.16&#8243; _module_preset=\u00bbdefault\u00bb global_colors_info=\u00bb{}\u00bb][et_pb_code _builder_version=\u00bb4.23.1&#8243; _module_preset=\u00bbdefault\u00bb text_orientation=\u00bbleft\u00bb hover_enabled=\u00bb0&#8243; text_orientation_tablet=\u00bbcenter\u00bb text_orientation_phone=\u00bb\u00bb text_orientation_last_edited=\u00bbon|tablet\u00bb global_colors_info=\u00bb{}\u00bb sticky_enabled=\u00bb0&#8243;]<a href=\"https:\/\/api.whatsapp.com\/send?phone=13058748388\" target=\"block\" rel=\"noopener noreferrer\"><!-- [et_pb_line_break_holder] -->\t<button id=\"bt_whatsapp\"><!-- [et_pb_line_break_holder] -->\t\t<img decoding=\"async\" src=\"https:\/\/miamibeachpaddleboard.com\/wp-content\/themes\/mbp\/social_icon\/whatsapp.svg\" width=\"30\"><!-- [et_pb_line_break_holder] -->\t\t<\/p>\n<div class=\"bt_content\"><!-- [et_pb_line_break_holder] -->\t\t\t<span class=\"bt_description\">WhatsApp Chat<\/span><!-- [et_pb_line_break_holder] -->\t\t<\/div>\n<p><!-- [et_pb_line_break_holder] -->\t<\/button><!-- [et_pb_line_break_holder] --><\/a>[\/et_pb_code][\/et_pb_column][\/et_pb_row][\/et_pb_section][et_pb_section fb_built=\u00bb1&#8243; custom_padding_last_edited=\u00bbon|phone\u00bb _builder_version=\u00bb4.16&#8243; _module_preset=\u00bbdefault\u00bb background_color=\u00bbrgba(1,65,107,0.05)\u00bb custom_padding=\u00bb||||false|false\u00bb custom_padding_tablet=\u00bb65px||45px||false|false\u00bb custom_padding_phone=\u00bb45px||15px||false|false\u00bb global_colors_info=\u00bb{}\u00bb][et_pb_row custom_padding_last_edited=\u00bbon|phone\u00bb _builder_version=\u00bb4.16&#8243; _module_preset=\u00bbdefault\u00bb width=\u00bb36%\u00bb width_tablet=\u00bb90%\u00bb width_phone=\u00bb90%\u00bb width_last_edited=\u00bbon|tablet\u00bb max_width_tablet=\u00bb90%\u00bb max_width_last_edited=\u00bboff|phone\u00bb custom_padding_tablet=\u00bb\u00bb custom_padding_phone=\u00bb0px||||false|false\u00bb global_colors_info=\u00bb{}\u00bb][et_pb_column type=\u00bb4_4&#8243; _builder_version=\u00bb4.16&#8243; _module_preset=\u00bbdefault\u00bb global_colors_info=\u00bb{}\u00bb][et_pb_text _builder_version=\u00bb4.16&#8243; _module_preset=\u00bbe8465268-d8d0-4b13-88e3-f5acc65b9aa9&#8243; header_font=\u00bb||||||||\u00bb header_letter_spacing=\u00bb-1px\u00bb header_2_font=\u00bb||||||||\u00bb header_2_letter_spacing=\u00bb-1px\u00bb header_3_font=\u00bb||||||||\u00bb header_3_text_align=\u00bbcenter\u00bb header_3_letter_spacing=\u00bb-1px\u00bb header_4_font=\u00bb||||||||\u00bb header_4_letter_spacing=\u00bb-1px\u00bb header_5_font=\u00bb||||||||\u00bb header_5_text_align=\u00bbcenter\u00bb header_5_letter_spacing=\u00bb-1px\u00bb header_6_font=\u00bb||||||||\u00bb header_6_letter_spacing=\u00bb-1px\u00bb custom_margin=\u00bb||1em||false|false\u00bb header_3_font_size_tablet=\u00bb\u00bb header_3_font_size_phone=\u00bb26px\u00bb header_3_font_size_last_edited=\u00bbon|phone\u00bb custom_css_main_element=\u00bbfont-weight: 500;\u00bb global_colors_info=\u00bb{}\u00bb]<\/p>\n<h3>S\u00edguenos<\/h3>\n<p>[\/et_pb_text][et_pb_text _builder_version=\u00bb4.16&#8243; _module_preset=\u00bb354bd5a6-dfc1-4cc6-86f7-d279a28ed478&#8243; text_font_size=\u00bb20px\u00bb text_line_height=\u00bb1.8em\u00bb text_orientation=\u00bbcenter\u00bb width_tablet=\u00bb\u00bb width_phone=\u00bb90%\u00bb width_last_edited=\u00bbon|phone\u00bb module_alignment=\u00bbcenter\u00bb custom_margin=\u00bb||||false|false\u00bb global_colors_info=\u00bb{}\u00bb]<\/p>\n<p>A trav\u00e9s de nuestras redes sociales<\/p>\n<p>[\/et_pb_text][et_pb_social_media_follow icon_color=\u00bb#000000&#8243; use_icon_font_size=\u00bbon\u00bb icon_font_size=\u00bb30px\u00bb _builder_version=\u00bb4.16&#8243; _module_preset=\u00bbdefault\u00bb text_orientation=\u00bbcenter\u00bb global_colors_info=\u00bb{}\u00bb][et_pb_social_media_follow_network social_network=\u00bbfacebook\u00bb url=\u00bbhttps:\/\/www.facebook.com\/MiamiWaterSports\/\u00bb _builder_version=\u00bb4.16&#8243; _module_preset=\u00bbdefault\u00bb background_color=\u00bbrgba(0,0,0,0)\u00bb background_enable_color=\u00bbon\u00bb global_colors_info=\u00bb{}\u00bb follow_button=\u00bboff\u00bb url_new_window=\u00bbon\u00bb]facebook[\/et_pb_social_media_follow_network][et_pb_social_media_follow_network social_network=\u00bbinstagram\u00bb url=\u00bbhttps:\/\/www.instagram.com\/mbpaddleboard\/\u00bb _builder_version=\u00bb4.16&#8243; _module_preset=\u00bbdefault\u00bb background_color=\u00bbrgba(0,0,0,0)\u00bb background_enable_color=\u00bbon\u00bb global_colors_info=\u00bb{}\u00bb follow_button=\u00bboff\u00bb url_new_window=\u00bbon\u00bb]instagram[\/et_pb_social_media_follow_network][\/et_pb_social_media_follow][\/et_pb_column][\/et_pb_row][\/et_pb_section]<\/p>\n","protected":false},"excerpt":{"rendered":"<p>Aqu\u00ed nuestros canales de atenci\u00f3n al clienteMensajer\u00eda DirectaEscr\u00edbenos, estamos siempre dispuestos a ayudarS\u00edguenosA trav\u00e9s de nuestras redes sociales<\/p>\n","protected":false},"author":1,"featured_media":0,"parent":0,"menu_order":7,"comment_status":"closed","ping_status":"closed","template":"","meta":{"_et_pb_use_builder":"on","_et_pb_old_content":"","_et_gb_content_width":"","footnotes":""},"class_list":["post-58","page","type-page","status-publish","hentry"],"yoast_head":"<!-- This site is optimized with the Yoast SEO plugin v26.9 - https:\/\/yoast.com\/product\/yoast-seo-wordpress\/ -->\n<title>Contacto - Miami Beach Paddleboard - Spanish<\/title>\n<meta name=\"description\" content=\"Escr\u00edbenos o ll\u00e1manos, estamos siempre dispuestos a ayudar; a continuaci\u00f3n la informaci\u00f3n sobre nuestros canales de atenci\u00f3n al cliente\" \/>\n<meta name=\"robots\" content=\"index, follow, max-snippet:-1, max-image-preview:large, max-video-preview:-1\" \/>\n<link rel=\"canonical\" href=\"https:\/\/miamibeachpaddleboard.com\/es\/contacto\/\" \/>\n<meta property=\"og:locale\" content=\"es_ES\" \/>\n<meta property=\"og:type\" content=\"article\" \/>\n<meta property=\"og:title\" content=\"Contacto - Miami Beach Paddleboard - Spanish\" \/>\n<meta property=\"og:description\" content=\"Escr\u00edbenos o ll\u00e1manos, estamos siempre dispuestos a ayudar; a continuaci\u00f3n la informaci\u00f3n sobre nuestros canales de atenci\u00f3n al cliente\" \/>\n<meta property=\"og:url\" content=\"https:\/\/miamibeachpaddleboard.com\/es\/contacto\/\" \/>\n<meta property=\"og:site_name\" content=\"Miami Beach Paddleboard - Spanish\" \/>\n<meta property=\"article:modified_time\" content=\"2023-12-21T12:36:21+00:00\" \/>\n<meta property=\"og:image\" content=\"https:\/\/miamibeachpaddleboard.com\/wp-content\/themes\/mbp\/social_icon\/messenger.svg\" \/>\n<meta name=\"twitter:card\" content=\"summary_large_image\" \/>\n<meta name=\"twitter:label1\" content=\"Tiempo de lectura\" \/>\n\t<meta name=\"twitter:data1\" content=\"2 minutos\" \/>\n<script type=\"application\/ld+json\" class=\"yoast-schema-graph\">{\"@context\":\"https:\/\/schema.org\",\"@graph\":[{\"@type\":\"WebPage\",\"@id\":\"https:\/\/miamibeachpaddleboard.com\/es\/contacto\/\",\"url\":\"https:\/\/miamibeachpaddleboard.com\/es\/contacto\/\",\"name\":\"Contacto - Miami Beach Paddleboard - Spanish\",\"isPartOf\":{\"@id\":\"https:\/\/miamibeachpaddleboard.com\/es\/#website\"},\"primaryImageOfPage\":{\"@id\":\"https:\/\/miamibeachpaddleboard.com\/es\/contacto\/#primaryimage\"},\"image\":{\"@id\":\"https:\/\/miamibeachpaddleboard.com\/es\/contacto\/#primaryimage\"},\"thumbnailUrl\":\"https:\/\/miamibeachpaddleboard.com\/wp-content\/themes\/mbp\/social_icon\/messenger.svg\",\"datePublished\":\"2020-12-02T21:29:54+00:00\",\"dateModified\":\"2023-12-21T12:36:21+00:00\",\"description\":\"Escr\u00edbenos o ll\u00e1manos, estamos siempre dispuestos a ayudar; a continuaci\u00f3n la informaci\u00f3n sobre nuestros canales de atenci\u00f3n al cliente\",\"breadcrumb\":{\"@id\":\"https:\/\/miamibeachpaddleboard.com\/es\/contacto\/#breadcrumb\"},\"inLanguage\":\"es\",\"potentialAction\":[{\"@type\":\"ReadAction\",\"target\":[\"https:\/\/miamibeachpaddleboard.com\/es\/contacto\/\"]}]},{\"@type\":\"ImageObject\",\"inLanguage\":\"es\",\"@id\":\"https:\/\/miamibeachpaddleboard.com\/es\/contacto\/#primaryimage\",\"url\":\"https:\/\/miamibeachpaddleboard.com\/wp-content\/themes\/mbp\/social_icon\/messenger.svg\",\"contentUrl\":\"https:\/\/miamibeachpaddleboard.com\/wp-content\/themes\/mbp\/social_icon\/messenger.svg\"},{\"@type\":\"BreadcrumbList\",\"@id\":\"https:\/\/miamibeachpaddleboard.com\/es\/contacto\/#breadcrumb\",\"itemListElement\":[{\"@type\":\"ListItem\",\"position\":1,\"name\":\"Portada\",\"item\":\"https:\/\/miamibeachpaddleboard.com\/es\/\"},{\"@type\":\"ListItem\",\"position\":2,\"name\":\"Contacto\"}]},{\"@type\":\"WebSite\",\"@id\":\"https:\/\/miamibeachpaddleboard.com\/es\/#website\",\"url\":\"https:\/\/miamibeachpaddleboard.com\/es\/\",\"name\":\"Miami Beach Paddleboard - Spanish\",\"description\":\"Alquiler de Paddleboard y Kayak en Miami Beach\",\"potentialAction\":[{\"@type\":\"SearchAction\",\"target\":{\"@type\":\"EntryPoint\",\"urlTemplate\":\"https:\/\/miamibeachpaddleboard.com\/es\/?s={search_term_string}\"},\"query-input\":{\"@type\":\"PropertyValueSpecification\",\"valueRequired\":true,\"valueName\":\"search_term_string\"}}],\"inLanguage\":\"es\"}]}<\/script>\n<!-- \/ Yoast SEO plugin. -->","yoast_head_json":{"title":"Contacto - Miami Beach Paddleboard - Spanish","description":"Escr\u00edbenos o ll\u00e1manos, estamos siempre dispuestos a ayudar; a continuaci\u00f3n la informaci\u00f3n sobre nuestros canales de atenci\u00f3n al cliente","robots":{"index":"index","follow":"follow","max-snippet":"max-snippet:-1","max-image-preview":"max-image-preview:large","max-video-preview":"max-video-preview:-1"},"canonical":"https:\/\/miamibeachpaddleboard.com\/es\/contacto\/","og_locale":"es_ES","og_type":"article","og_title":"Contacto - Miami Beach Paddleboard - Spanish","og_description":"Escr\u00edbenos o ll\u00e1manos, estamos siempre dispuestos a ayudar; a continuaci\u00f3n la informaci\u00f3n sobre nuestros canales de atenci\u00f3n al cliente","og_url":"https:\/\/miamibeachpaddleboard.com\/es\/contacto\/","og_site_name":"Miami Beach Paddleboard - Spanish","article_modified_time":"2023-12-21T12:36:21+00:00","og_image":[{"url":"https:\/\/miamibeachpaddleboard.com\/wp-content\/themes\/mbp\/social_icon\/messenger.svg","type":"","width":"","height":""}],"twitter_card":"summary_large_image","twitter_misc":{"Tiempo de lectura":"2 minutos"},"schema":{"@context":"https:\/\/schema.org","@graph":[{"@type":"WebPage","@id":"https:\/\/miamibeachpaddleboard.com\/es\/contacto\/","url":"https:\/\/miamibeachpaddleboard.com\/es\/contacto\/","name":"Contacto - Miami Beach Paddleboard - Spanish","isPartOf":{"@id":"https:\/\/miamibeachpaddleboard.com\/es\/#website"},"primaryImageOfPage":{"@id":"https:\/\/miamibeachpaddleboard.com\/es\/contacto\/#primaryimage"},"image":{"@id":"https:\/\/miamibeachpaddleboard.com\/es\/contacto\/#primaryimage"},"thumbnailUrl":"https:\/\/miamibeachpaddleboard.com\/wp-content\/themes\/mbp\/social_icon\/messenger.svg","datePublished":"2020-12-02T21:29:54+00:00","dateModified":"2023-12-21T12:36:21+00:00","description":"Escr\u00edbenos o ll\u00e1manos, estamos siempre dispuestos a ayudar; a continuaci\u00f3n la informaci\u00f3n sobre nuestros canales de atenci\u00f3n al cliente","breadcrumb":{"@id":"https:\/\/miamibeachpaddleboard.com\/es\/contacto\/#breadcrumb"},"inLanguage":"es","potentialAction":[{"@type":"ReadAction","target":["https:\/\/miamibeachpaddleboard.com\/es\/contacto\/"]}]},{"@type":"ImageObject","inLanguage":"es","@id":"https:\/\/miamibeachpaddleboard.com\/es\/contacto\/#primaryimage","url":"https:\/\/miamibeachpaddleboard.com\/wp-content\/themes\/mbp\/social_icon\/messenger.svg","contentUrl":"https:\/\/miamibeachpaddleboard.com\/wp-content\/themes\/mbp\/social_icon\/messenger.svg"},{"@type":"BreadcrumbList","@id":"https:\/\/miamibeachpaddleboard.com\/es\/contacto\/#breadcrumb","itemListElement":[{"@type":"ListItem","position":1,"name":"Portada","item":"https:\/\/miamibeachpaddleboard.com\/es\/"},{"@type":"ListItem","position":2,"name":"Contacto"}]},{"@type":"WebSite","@id":"https:\/\/miamibeachpaddleboard.com\/es\/#website","url":"https:\/\/miamibeachpaddleboard.com\/es\/","name":"Miami Beach Paddleboard - Spanish","description":"Alquiler de Paddleboard y Kayak en Miami Beach","potentialAction":[{"@type":"SearchAction","target":{"@type":"EntryPoint","urlTemplate":"https:\/\/miamibeachpaddleboard.com\/es\/?s={search_term_string}"},"query-input":{"@type":"PropertyValueSpecification","valueRequired":true,"valueName":"search_term_string"}}],"inLanguage":"es"}]}},"_links":{"self":[{"href":"https:\/\/miamibeachpaddleboard.com\/es\/wp-json\/wp\/v2\/pages\/58","targetHints":{"allow":["GET"]}}],"collection":[{"href":"https:\/\/miamibeachpaddleboard.com\/es\/wp-json\/wp\/v2\/pages"}],"about":[{"href":"https:\/\/miamibeachpaddleboard.com\/es\/wp-json\/wp\/v2\/types\/page"}],"author":[{"embeddable":true,"href":"https:\/\/miamibeachpaddleboard.com\/es\/wp-json\/wp\/v2\/users\/1"}],"replies":[{"embeddable":true,"href":"https:\/\/miamibeachpaddleboard.com\/es\/wp-json\/wp\/v2\/comments?post=58"}],"version-history":[{"count":6,"href":"https:\/\/miamibeachpaddleboard.com\/es\/wp-json\/wp\/v2\/pages\/58\/revisions"}],"predecessor-version":[{"id":268,"href":"https:\/\/miamibeachpaddleboard.com\/es\/wp-json\/wp\/v2\/pages\/58\/revisions\/268"}],"wp:attachment":[{"href":"https:\/\/miamibeachpaddleboard.com\/es\/wp-json\/wp\/v2\/media?parent=58"}],"curies":[{"name":"wp","href":"https:\/\/api.w.org\/{rel}","templated":true}]}}